{"id":4209,"date":"2018-12-20T15:01:20","date_gmt":"2018-12-20T13:01:20","guid":{"rendered":"https:\/\/ageart.ro\/staging\/?post_type=product&#038;p=4209"},"modified":"2022-05-04T09:12:21","modified_gmt":"2022-05-04T07:12:21","slug":"album-bucuresti-cartonat","status":"publish","type":"product","link":"https:\/\/ageart.ro\/staging\/produs\/album-bucuresti-cartonat\/","title":{"rendered":"Album Bucuresti (15&#215;15 cm)"},"content":{"rendered":"<p>Odat\u0103 cu trecerea timpului, fiecare perioad\u0103, fiecare curent \u015fi-a l\u0103sat amprent\u0103, astfel \u00eenc\u00e2t Bucure\u015ftiul a ajuns o suprapunere de ora\u015fe care \u00eencearc\u0103 prin col\u0163uri s\u0103-\u015fi spun\u0103 frumos istoria.<\/p>\n","protected":false},"excerpt":{"rendered":"<p>&#8211; nr pagini: 96 pagini<\/p>\n<p>&#8211; format finit: 15 x 15 cm<\/p>\n<p>&#8211; copert\u0103: cartonat\u0103<\/p>\n<p>Limbi: romana\/engleza\/franceza<wbr \/><\/p>\n","protected":false},"featured_media":4210,"comment_status":"closed","ping_status":"closed","template":"","meta":[],"product_brand":[],"product_cat":[452],"product_tag":[],"class_list":{"0":"post-4209","1":"product","2":"type-product","3":"status-publish","4":"has-post-thumbnail","6":"product_cat-albume","7":"","9":"first","10":"instock","11":"shipping-taxable","12":"purchasable","13":"product-type-simple"},"_links":{"self":[{"href":"https:\/\/ageart.ro\/staging\/wp-json\/wp\/v2\/product\/4209","targetHints":{"allow":["GET"]}}],"collection":[{"href":"https:\/\/ageart.ro\/staging\/wp-json\/wp\/v2\/product"}],"about":[{"href":"https:\/\/ageart.ro\/staging\/wp-json\/wp\/v2\/types\/product"}],"replies":[{"embeddable":true,"href":"https:\/\/ageart.ro\/staging\/wp-json\/wp\/v2\/comments?post=4209"}],"wp:featuredmedia":[{"embeddable":true,"href":"https:\/\/ageart.ro\/staging\/wp-json\/wp\/v2\/media\/4210"}],"wp:attachment":[{"href":"https:\/\/ageart.ro\/staging\/wp-json\/wp\/v2\/media?parent=4209"}],"wp:term":[{"taxonomy":"product_brand","embeddable":true,"href":"https:\/\/ageart.ro\/staging\/wp-json\/wp\/v2\/product_brand?post=4209"},{"taxonomy":"product_cat","embeddable":true,"href":"https:\/\/ageart.ro\/staging\/wp-json\/wp\/v2\/product_cat?post=4209"},{"taxonomy":"product_tag","embeddable":true,"href":"https:\/\/ageart.ro\/staging\/wp-json\/wp\/v2\/product_tag?post=4209"}],"curies":[{"name":"wp","href":"https:\/\/api.w.org\/{rel}","templated":true}]}}