{"id":3825,"date":"2018-01-13T09:14:28","date_gmt":"2018-01-13T07:14:28","guid":{"rendered":"https:\/\/ageart.ro\/staging\/?post_type=product&#038;p=3825"},"modified":"2022-05-04T09:22:55","modified_gmt":"2022-05-04T07:22:55","slug":"album-bucegii","status":"publish","type":"product","link":"https:\/\/ageart.ro\/staging\/produs\/album-bucegii\/","title":{"rendered":"Album Bucegii (15&#215;15 cm)"},"content":{"rendered":"<p>Cele mai frumoase priveli\u015fti din Bucegi. Experienta cople\u015fitoare ce-o poate oferi urcu\u015ful sau cobor\u00e2\u015ful \u00een acest masiv care ar putea marca existen\u0163a unui spa\u0163iu sacru.<\/p>\n<p>&nbsp;<\/p>\n","protected":false},"excerpt":{"rendered":"<p>nr pagini: 96 pagini<\/p>\n<p>format finit: 15 x 15 cm<\/p>\n<p>copert\u0103: cartonat\u0103<\/p>\n","protected":false},"featured_media":3826,"comment_status":"closed","ping_status":"closed","template":"","meta":[],"product_brand":[],"product_cat":[452],"product_tag":[],"class_list":{"0":"post-3825","1":"product","2":"type-product","3":"status-publish","4":"has-post-thumbnail","6":"product_cat-albume","7":"","9":"first","10":"instock","11":"shipping-taxable","12":"purchasable","13":"product-type-simple"},"_links":{"self":[{"href":"https:\/\/ageart.ro\/staging\/wp-json\/wp\/v2\/product\/3825","targetHints":{"allow":["GET"]}}],"collection":[{"href":"https:\/\/ageart.ro\/staging\/wp-json\/wp\/v2\/product"}],"about":[{"href":"https:\/\/ageart.ro\/staging\/wp-json\/wp\/v2\/types\/product"}],"replies":[{"embeddable":true,"href":"https:\/\/ageart.ro\/staging\/wp-json\/wp\/v2\/comments?post=3825"}],"wp:featuredmedia":[{"embeddable":true,"href":"https:\/\/ageart.ro\/staging\/wp-json\/wp\/v2\/media\/3826"}],"wp:attachment":[{"href":"https:\/\/ageart.ro\/staging\/wp-json\/wp\/v2\/media?parent=3825"}],"wp:term":[{"taxonomy":"product_brand","embeddable":true,"href":"https:\/\/ageart.ro\/staging\/wp-json\/wp\/v2\/product_brand?post=3825"},{"taxonomy":"product_cat","embeddable":true,"href":"https:\/\/ageart.ro\/staging\/wp-json\/wp\/v2\/product_cat?post=3825"},{"taxonomy":"product_tag","embeddable":true,"href":"https:\/\/ageart.ro\/staging\/wp-json\/wp\/v2\/product_tag?post=3825"}],"curies":[{"name":"wp","href":"https:\/\/api.w.org\/{rel}","templated":true}]}}