{"id":3798,"date":"2018-01-13T09:06:43","date_gmt":"2018-01-13T07:06:43","guid":{"rendered":"https:\/\/ageart.ro\/staging\/?post_type=product&#038;p=3798"},"modified":"2018-03-07T11:08:31","modified_gmt":"2018-03-07T09:08:31","slug":"album-tezaur","status":"publish","type":"product","link":"https:\/\/ageart.ro\/staging\/produs\/album-tezaur\/","title":{"rendered":"Album Tezaur (22&#215;24 cm)"},"content":{"rendered":"<p>Album ilustrator care nu poate cuprinde cele 2000 de exponate prezentate \u00een sala tezaurului Muzeului Na\u0163ional de Istorie a Rom\u00e2niei, dar constitue o invita\u0163ie la spectacolul vremurilor \u00een care Marea Istorie s-a desf\u0103\u015furat \u015fi la Dun\u0103re.<\/p>\n<p>&nbsp;<\/p>\n","protected":false},"excerpt":{"rendered":"<p>nr pagini: 96 pagini<\/p>\n<p>format finit: 22 x 24 cm<\/p>\n<p>coperta: softcover<\/p>\n","protected":false},"featured_media":3799,"comment_status":"closed","ping_status":"closed","template":"","meta":[],"product_brand":[],"product_cat":[452],"product_tag":[],"class_list":{"0":"post-3798","1":"product","2":"type-product","3":"status-publish","4":"has-post-thumbnail","6":"product_cat-albume","7":"","9":"first","10":"outofstock","11":"shipping-taxable","12":"purchasable","13":"product-type-simple"},"_links":{"self":[{"href":"https:\/\/ageart.ro\/staging\/wp-json\/wp\/v2\/product\/3798","targetHints":{"allow":["GET"]}}],"collection":[{"href":"https:\/\/ageart.ro\/staging\/wp-json\/wp\/v2\/product"}],"about":[{"href":"https:\/\/ageart.ro\/staging\/wp-json\/wp\/v2\/types\/product"}],"replies":[{"embeddable":true,"href":"https:\/\/ageart.ro\/staging\/wp-json\/wp\/v2\/comments?post=3798"}],"wp:featuredmedia":[{"embeddable":true,"href":"https:\/\/ageart.ro\/staging\/wp-json\/wp\/v2\/media\/3799"}],"wp:attachment":[{"href":"https:\/\/ageart.ro\/staging\/wp-json\/wp\/v2\/media?parent=3798"}],"wp:term":[{"taxonomy":"product_brand","embeddable":true,"href":"https:\/\/ageart.ro\/staging\/wp-json\/wp\/v2\/product_brand?post=3798"},{"taxonomy":"product_cat","embeddable":true,"href":"https:\/\/ageart.ro\/staging\/wp-json\/wp\/v2\/product_cat?post=3798"},{"taxonomy":"product_tag","embeddable":true,"href":"https:\/\/ageart.ro\/staging\/wp-json\/wp\/v2\/product_tag?post=3798"}],"curies":[{"name":"wp","href":"https:\/\/api.w.org\/{rel}","templated":true}]}}