{"id":3565,"date":"2018-02-16T20:32:57","date_gmt":"2018-02-16T18:32:57","guid":{"rendered":"https:\/\/ageart.ro\/staging\/?post_type=product&#038;p=3565"},"modified":"2022-05-04T09:15:48","modified_gmt":"2022-05-04T07:15:48","slug":"album-muzeul-satului","status":"publish","type":"product","link":"https:\/\/ageart.ro\/staging\/produs\/album-muzeul-satului\/","title":{"rendered":"Album Muzeul Satului (22&#215;24 cm)"},"content":{"rendered":"<p>Muzeul Satului a intrat \u00een peisajul capitalei ca o institu\u0163ie de mare importan\u0163\u0103. Oamenii reg\u0103sesc aici r\u0103d\u0103cinile \u015fi uneori pierduta puritate a miraculoasei lumi care a fost &#8211; Satul Rom\u00e2nesc &#8211; adic\u0103 acel loc \u00een care se afl\u0103 pentru cei mai mul\u0163i dintre noi casa bunicilor \u015fi implicit casa pove\u015ftilor de neegalat ale copilariei.<\/p>\n<p>&nbsp;<\/p>\n","protected":false},"excerpt":{"rendered":"<p>nr pagini: 168 pagini<\/p>\n<p>format finit: 22 x 24 cm<\/p>\n<p>coperta: softcover<\/p>\n","protected":false},"featured_media":3566,"comment_status":"closed","ping_status":"closed","template":"","meta":[],"product_brand":[],"product_cat":[452],"product_tag":[],"class_list":{"0":"post-3565","1":"product","2":"type-product","3":"status-publish","4":"has-post-thumbnail","6":"product_cat-albume","7":"","9":"first","10":"instock","11":"shipping-taxable","12":"purchasable","13":"product-type-simple"},"_links":{"self":[{"href":"https:\/\/ageart.ro\/staging\/wp-json\/wp\/v2\/product\/3565","targetHints":{"allow":["GET"]}}],"collection":[{"href":"https:\/\/ageart.ro\/staging\/wp-json\/wp\/v2\/product"}],"about":[{"href":"https:\/\/ageart.ro\/staging\/wp-json\/wp\/v2\/types\/product"}],"replies":[{"embeddable":true,"href":"https:\/\/ageart.ro\/staging\/wp-json\/wp\/v2\/comments?post=3565"}],"wp:featuredmedia":[{"embeddable":true,"href":"https:\/\/ageart.ro\/staging\/wp-json\/wp\/v2\/media\/3566"}],"wp:attachment":[{"href":"https:\/\/ageart.ro\/staging\/wp-json\/wp\/v2\/media?parent=3565"}],"wp:term":[{"taxonomy":"product_brand","embeddable":true,"href":"https:\/\/ageart.ro\/staging\/wp-json\/wp\/v2\/product_brand?post=3565"},{"taxonomy":"product_cat","embeddable":true,"href":"https:\/\/ageart.ro\/staging\/wp-json\/wp\/v2\/product_cat?post=3565"},{"taxonomy":"product_tag","embeddable":true,"href":"https:\/\/ageart.ro\/staging\/wp-json\/wp\/v2\/product_tag?post=3565"}],"curies":[{"name":"wp","href":"https:\/\/api.w.org\/{rel}","templated":true}]}}