{"id":3548,"date":"2018-01-01T10:28:19","date_gmt":"2018-01-01T08:28:19","guid":{"rendered":"https:\/\/ageart.ro\/staging\/?post_type=product&#038;p=3548"},"modified":"2018-03-07T10:58:40","modified_gmt":"2018-03-07T08:58:40","slug":"album-castelul-julia-hasdeu","status":"publish","type":"product","link":"https:\/\/ageart.ro\/staging\/produs\/album-castelul-julia-hasdeu\/","title":{"rendered":"Album Castelul Julia Hasdeu (20&#215;30 cm)"},"content":{"rendered":"<p>Geniul lui B. P. Hasdeu s-a manifestat dup\u0103 moartea Juliei \u015fi \u00een domeniul simbolismului constructiv.<br \/>\nMircea Eliade spunea c\u0103 \u201c Simbolsmul\u00a0 este un aspect imediat al con\u015ftiintei totale, adic\u0103 al omului care se descoper\u0103 astfel, al omului care ia cunostin\u0163\u0103 despre pozi\u0163ia sa \u00een univers; aceste descoperiri primordiale sunt legate, \u00eentr-un mod at\u00e2t de organic de drama sa \u00eenc\u00e2t chiar\u00a0 simbolismul determin\u0103 la fel de bine activitatea subcon\u015ftientului s\u0103u ca cele mai nobile expresii ale vie\u0163ii spirituale\u201d.<\/p>\n<p>&nbsp;<\/p>\n","protected":false},"excerpt":{"rendered":"<p>Geniul lui B. P. Hasdeu s-a manifestat dup\u0103 moartea Juliei \u015fi \u00een domeniul simbolismului constructiv. Mircea Eliade spunea c\u0103 \u201c Simbolsmul\u00a0 este un aspect imediat al con\u015ftiintei totale, adic\u0103 al&hellip;<\/p>\n","protected":false},"featured_media":3549,"comment_status":"closed","ping_status":"closed","template":"","meta":[],"product_brand":[],"product_cat":[452],"product_tag":[],"class_list":{"0":"post-3548","1":"product","2":"type-product","3":"status-publish","4":"has-post-thumbnail","6":"product_cat-albume","7":"","9":"first","10":"outofstock","11":"shipping-taxable","12":"purchasable","13":"product-type-simple"},"_links":{"self":[{"href":"https:\/\/ageart.ro\/staging\/wp-json\/wp\/v2\/product\/3548","targetHints":{"allow":["GET"]}}],"collection":[{"href":"https:\/\/ageart.ro\/staging\/wp-json\/wp\/v2\/product"}],"about":[{"href":"https:\/\/ageart.ro\/staging\/wp-json\/wp\/v2\/types\/product"}],"replies":[{"embeddable":true,"href":"https:\/\/ageart.ro\/staging\/wp-json\/wp\/v2\/comments?post=3548"}],"wp:featuredmedia":[{"embeddable":true,"href":"https:\/\/ageart.ro\/staging\/wp-json\/wp\/v2\/media\/3549"}],"wp:attachment":[{"href":"https:\/\/ageart.ro\/staging\/wp-json\/wp\/v2\/media?parent=3548"}],"wp:term":[{"taxonomy":"product_brand","embeddable":true,"href":"https:\/\/ageart.ro\/staging\/wp-json\/wp\/v2\/product_brand?post=3548"},{"taxonomy":"product_cat","embeddable":true,"href":"https:\/\/ageart.ro\/staging\/wp-json\/wp\/v2\/product_cat?post=3548"},{"taxonomy":"product_tag","embeddable":true,"href":"https:\/\/ageart.ro\/staging\/wp-json\/wp\/v2\/product_tag?post=3548"}],"curies":[{"name":"wp","href":"https:\/\/api.w.org\/{rel}","templated":true}]}}