{"id":3355,"date":"2018-02-05T10:16:59","date_gmt":"2018-02-05T08:16:59","guid":{"rendered":"https:\/\/ageart.ro\/staging\/?post_type=product&#038;p=3355"},"modified":"2022-05-04T09:22:23","modified_gmt":"2022-05-04T07:22:23","slug":"album-sighisoara","status":"publish","type":"product","link":"https:\/\/ageart.ro\/staging\/produs\/album-sighisoara\/","title":{"rendered":"Album Sighisoara (15 x 15 cm)"},"content":{"rendered":"<p>Emblematic\u0103 reprezentare a Evului Mediu, fiind cel mai frumos \u015fi mai complex ansamblu medieval din Rom\u00e2nia.<\/p>\n<p>&nbsp;<\/p>\n","protected":false},"excerpt":{"rendered":"<p>nr pagini: 96 pagini<\/p>\n<p>format finit: 15 x 15 cm<\/p>\n<p>copert\u0103: cartonat\u0103<\/p>\n<p>Limbi: romana\/engleza\/german<wbr \/>a<\/p>\n","protected":false},"featured_media":3339,"comment_status":"closed","ping_status":"closed","template":"","meta":[],"product_brand":[],"product_cat":[452],"product_tag":[],"class_list":{"0":"post-3355","1":"product","2":"type-product","3":"status-publish","4":"has-post-thumbnail","6":"product_cat-albume","7":"","9":"first","10":"instock","11":"shipping-taxable","12":"purchasable","13":"product-type-simple"},"_links":{"self":[{"href":"https:\/\/ageart.ro\/staging\/wp-json\/wp\/v2\/product\/3355","targetHints":{"allow":["GET"]}}],"collection":[{"href":"https:\/\/ageart.ro\/staging\/wp-json\/wp\/v2\/product"}],"about":[{"href":"https:\/\/ageart.ro\/staging\/wp-json\/wp\/v2\/types\/product"}],"replies":[{"embeddable":true,"href":"https:\/\/ageart.ro\/staging\/wp-json\/wp\/v2\/comments?post=3355"}],"wp:featuredmedia":[{"embeddable":true,"href":"https:\/\/ageart.ro\/staging\/wp-json\/wp\/v2\/media\/3339"}],"wp:attachment":[{"href":"https:\/\/ageart.ro\/staging\/wp-json\/wp\/v2\/media?parent=3355"}],"wp:term":[{"taxonomy":"product_brand","embeddable":true,"href":"https:\/\/ageart.ro\/staging\/wp-json\/wp\/v2\/product_brand?post=3355"},{"taxonomy":"product_cat","embeddable":true,"href":"https:\/\/ageart.ro\/staging\/wp-json\/wp\/v2\/product_cat?post=3355"},{"taxonomy":"product_tag","embeddable":true,"href":"https:\/\/ageart.ro\/staging\/wp-json\/wp\/v2\/product_tag?post=3355"}],"curies":[{"name":"wp","href":"https:\/\/api.w.org\/{rel}","templated":true}]}}