{"id":3351,"date":"2018-02-15T10:09:30","date_gmt":"2018-02-15T08:09:30","guid":{"rendered":"https:\/\/ageart.ro\/staging\/?post_type=product&#038;p=3351"},"modified":"2022-05-04T09:17:16","modified_gmt":"2022-05-04T07:17:16","slug":"album-discover-romania-mic","status":"publish","type":"product","link":"https:\/\/ageart.ro\/staging\/produs\/album-discover-romania-mic\/","title":{"rendered":"Album Discover Romania (15&#215;15 cm)"},"content":{"rendered":"<p>Descoperi\u0163i Rom\u00e2nia \u00een rostul \u015fi cu rostul ei &#8211; Rom\u00e2nia Vie oferind prilejuri permanente de t\u0103m\u0103duire a sufletului \u015fi a \u00een\u0163elegerii.<\/p>\n<p>&nbsp;<\/p>\n<p>&nbsp;<\/p>\n","protected":false},"excerpt":{"rendered":"<p>&#8211; nr pagini: 96 pagini<\/p>\n<p>&#8211; format finit: 15 x 15 cm<\/p>\n<p>&#8211; copert\u0103: cartonat\u0103<\/p>\n<p>Limbi: romana\/engleza\/franceza\/german<wbr \/>a<\/p>\n","protected":false},"featured_media":3347,"comment_status":"closed","ping_status":"closed","template":"","meta":[],"product_brand":[],"product_cat":[452],"product_tag":[],"class_list":{"0":"post-3351","1":"product","2":"type-product","3":"status-publish","4":"has-post-thumbnail","6":"product_cat-albume","7":"","9":"first","10":"instock","11":"shipping-taxable","12":"purchasable","13":"product-type-simple"},"_links":{"self":[{"href":"https:\/\/ageart.ro\/staging\/wp-json\/wp\/v2\/product\/3351","targetHints":{"allow":["GET"]}}],"collection":[{"href":"https:\/\/ageart.ro\/staging\/wp-json\/wp\/v2\/product"}],"about":[{"href":"https:\/\/ageart.ro\/staging\/wp-json\/wp\/v2\/types\/product"}],"replies":[{"embeddable":true,"href":"https:\/\/ageart.ro\/staging\/wp-json\/wp\/v2\/comments?post=3351"}],"wp:featuredmedia":[{"embeddable":true,"href":"https:\/\/ageart.ro\/staging\/wp-json\/wp\/v2\/media\/3347"}],"wp:attachment":[{"href":"https:\/\/ageart.ro\/staging\/wp-json\/wp\/v2\/media?parent=3351"}],"wp:term":[{"taxonomy":"product_brand","embeddable":true,"href":"https:\/\/ageart.ro\/staging\/wp-json\/wp\/v2\/product_brand?post=3351"},{"taxonomy":"product_cat","embeddable":true,"href":"https:\/\/ageart.ro\/staging\/wp-json\/wp\/v2\/product_cat?post=3351"},{"taxonomy":"product_tag","embeddable":true,"href":"https:\/\/ageart.ro\/staging\/wp-json\/wp\/v2\/product_tag?post=3351"}],"curies":[{"name":"wp","href":"https:\/\/api.w.org\/{rel}","templated":true}]}}