{"id":3336,"date":"2018-02-05T10:02:11","date_gmt":"2018-02-05T08:02:11","guid":{"rendered":"https:\/\/ageart.ro\/staging\/?post_type=product&#038;p=3336"},"modified":"2022-05-04T09:22:37","modified_gmt":"2022-05-04T07:22:37","slug":"album-brasov-format-mic","status":"publish","type":"product","link":"https:\/\/ageart.ro\/staging\/produs\/album-brasov-format-mic\/","title":{"rendered":"Album Brasov (15&#215;15 cm)"},"content":{"rendered":"<p>De pe T\u00e2mpa, Bra\u015fovul pare un r\u00e2u ajuns la v\u0103rsare, ce porne\u015fte din Schei printr-o vale \u00eengust\u0103, \u00eengo\u015f\u00e2ndu-se spre \u0162ara B\u00e2rsei.\u00a0 Burgul pare un pinten ap\u0103sat \u00een poalele T\u00e2mpei, cu Pia\u0163a Sfatului ce cheam\u0103 str\u0103zile \u00eenguste \u015fi lungi, la \u00eent\u00e2lnire cu turnul Bisericii Negre, \u00eenfipt \u00een cer, cu bastioanele masive ce-\u015fi fac loc \u00eentre zidurile vechi, martore at\u00e2tor pove\u015fti.<\/p>\n<p>&nbsp;<\/p>\n","protected":false},"excerpt":{"rendered":"<p>Editie: Cartonata<\/p>\n<p>Format: 150 x 150 mm<\/p>\n<p>Nr. pagini: 120<\/p>\n<p>Limbi: romana\/engleza\/german<wbr \/>a<\/p>\n","protected":false},"featured_media":3346,"comment_status":"closed","ping_status":"closed","template":"","meta":[],"product_brand":[],"product_cat":[452],"product_tag":[],"class_list":{"0":"post-3336","1":"product","2":"type-product","3":"status-publish","4":"has-post-thumbnail","6":"product_cat-albume","7":"","9":"first","10":"instock","11":"shipping-taxable","12":"purchasable","13":"product-type-simple"},"_links":{"self":[{"href":"https:\/\/ageart.ro\/staging\/wp-json\/wp\/v2\/product\/3336","targetHints":{"allow":["GET"]}}],"collection":[{"href":"https:\/\/ageart.ro\/staging\/wp-json\/wp\/v2\/product"}],"about":[{"href":"https:\/\/ageart.ro\/staging\/wp-json\/wp\/v2\/types\/product"}],"replies":[{"embeddable":true,"href":"https:\/\/ageart.ro\/staging\/wp-json\/wp\/v2\/comments?post=3336"}],"wp:featuredmedia":[{"embeddable":true,"href":"https:\/\/ageart.ro\/staging\/wp-json\/wp\/v2\/media\/3346"}],"wp:attachment":[{"href":"https:\/\/ageart.ro\/staging\/wp-json\/wp\/v2\/media?parent=3336"}],"wp:term":[{"taxonomy":"product_brand","embeddable":true,"href":"https:\/\/ageart.ro\/staging\/wp-json\/wp\/v2\/product_brand?post=3336"},{"taxonomy":"product_cat","embeddable":true,"href":"https:\/\/ageart.ro\/staging\/wp-json\/wp\/v2\/product_cat?post=3336"},{"taxonomy":"product_tag","embeddable":true,"href":"https:\/\/ageart.ro\/staging\/wp-json\/wp\/v2\/product_tag?post=3336"}],"curies":[{"name":"wp","href":"https:\/\/api.w.org\/{rel}","templated":true}]}}