{"id":3281,"date":"2018-02-20T08:03:28","date_gmt":"2018-02-20T06:03:28","guid":{"rendered":"https:\/\/ageart.ro\/staging\/?post_type=product&#038;p=3281"},"modified":"2022-05-04T09:14:57","modified_gmt":"2022-05-04T07:14:57","slug":"album-romania-simfonia-culorilor","status":"publish","type":"product","link":"https:\/\/ageart.ro\/staging\/produs\/album-romania-simfonia-culorilor\/","title":{"rendered":"Album Romania Simfonia Culorilor (24&#215;22 cm)"},"content":{"rendered":"<div>\n<p>Rom\u00e2nia, o \u0163ar\u0103 a contrastelor, un amalgam halucinant, care r\u0103sfa\u0163\u0103 Plaiul Mioritic \u015fi las\u0103 trecutul s\u0103 r\u0103m\u00e2n\u0103 etern. Rom\u00e2nia, \u201co art\u0103\u201d, arta de a tr\u0103i, n\u0103valnic sau mai molcom, dar totdeauna \u00eenso\u0163i\u0163i de o \u201cSimfonie a Culorilor\u201d.<\/p>\n<\/div>\n<div class=\"productAttr\"><\/div>\n","protected":false},"excerpt":{"rendered":"<p>&#8211; nr pagini: 180 pagini<\/p>\n<p>&#8211; format: 22 x 24 cm<\/p>\n<p>&#8211; coperta: softcover<\/p>\n<p>Limbi: romana\/engleza\/franceza\/german<wbr \/>a<\/p>\n","protected":false},"featured_media":3307,"comment_status":"open","ping_status":"closed","template":"","meta":[],"product_brand":[],"product_cat":[452],"product_tag":[],"class_list":{"0":"post-3281","1":"product","2":"type-product","3":"status-publish","4":"has-post-thumbnail","6":"product_cat-albume","7":"","9":"first","10":"outofstock","11":"shipping-taxable","12":"purchasable","13":"product-type-simple"},"_links":{"self":[{"href":"https:\/\/ageart.ro\/staging\/wp-json\/wp\/v2\/product\/3281","targetHints":{"allow":["GET"]}}],"collection":[{"href":"https:\/\/ageart.ro\/staging\/wp-json\/wp\/v2\/product"}],"about":[{"href":"https:\/\/ageart.ro\/staging\/wp-json\/wp\/v2\/types\/product"}],"replies":[{"embeddable":true,"href":"https:\/\/ageart.ro\/staging\/wp-json\/wp\/v2\/comments?post=3281"}],"wp:featuredmedia":[{"embeddable":true,"href":"https:\/\/ageart.ro\/staging\/wp-json\/wp\/v2\/media\/3307"}],"wp:attachment":[{"href":"https:\/\/ageart.ro\/staging\/wp-json\/wp\/v2\/media?parent=3281"}],"wp:term":[{"taxonomy":"product_brand","embeddable":true,"href":"https:\/\/ageart.ro\/staging\/wp-json\/wp\/v2\/product_brand?post=3281"},{"taxonomy":"product_cat","embeddable":true,"href":"https:\/\/ageart.ro\/staging\/wp-json\/wp\/v2\/product_cat?post=3281"},{"taxonomy":"product_tag","embeddable":true,"href":"https:\/\/ageart.ro\/staging\/wp-json\/wp\/v2\/product_tag?post=3281"}],"curies":[{"name":"wp","href":"https:\/\/api.w.org\/{rel}","templated":true}]}}