{"id":3027,"date":"2017-08-02T08:09:49","date_gmt":"2017-08-02T08:09:49","guid":{"rendered":"http:\/\/localhost\/wp\/jms_minet\/?page_id=3027"},"modified":"2018-03-02T09:00:41","modified_gmt":"2018-03-02T09:00:41","slug":"despre-noi","status":"publish","type":"page","link":"https:\/\/ageart.ro\/staging\/despre-noi\/","title":{"rendered":"Despre Noi"},"content":{"rendered":"<section class=\"kc-elm kc-css-175089 kc_row\"><div class=\"kc-row-container  kc-container\"><div class=\"kc-wrap-columns\"><div class=\"kc-elm kc-css-234675 kc_col-sm-12 kc_column kc_col-sm-12\"><div class=\"kc-col-container\">\n<div class=\"kc-elm kc-css-610710 kc-title-wrap \">\n\n\t<h3 class=\"kc_title\">Despre Noi<\/h3>\n<\/div>\n<div class=\"kc-elm kc-css-671468 kc_text_block\"><\/p>\n<p style=\"text-align: center;\">Editura AGE-ART a fost \u00eenfiin\u0163at\u0103 \u00een anul 2007.Astfel doi prieteni , arti\u015fti \u015fi poe\u0163i \u00een acela\u015fi timp , George Avanu \u015fi Adrian Tudorache \u015fi-au transformat un microb , un hobby \u00eentr-o afacere. O afacere muncit\u0103 , la iceput \u00een regim de part-time \u015fi apoi dedicande-ne tot timpul , toat\u0103 energia \u015fi toat\u0103 inteligen\u0163a. \u00cen cei 10 ani de existen\u0163\u0103 am reu\u015fit s\u0103 devenim printre cele mai buni din Rom\u00e2nia. Arta fotografic\u0103 pe care o exprimama am pus-o \u00een slujba imaginii Rom\u00e2niei. Aici ne-am n\u0103scut , aici am crescut , aici ne-am educat , ne-am \u015fcolit , aici ne-am crescut copii a\u015fa c\u0103 suntem datori acestui p\u0103m\u00e2nt.\u00cencerc\u0103m s\u0103 ar\u0103t\u0103m tuturor care vor s\u0103 vad\u0103 fa\u0163a real\u0103 a Rom\u00e2niei f\u0103r\u0103 politic\u0103 , f\u0103r\u0103 conota\u0163ii sexuale , f\u0103r\u0103 victimizare , f\u0103r\u0103 fal\u0103. Imaginea clar\u0103 , limpede a acestei \u0163\u0103ri cum se vede la fa\u0163a locului nu cum este &#8222;bo\u0163it\u0103\"de binevoitori .<br \/>Am pus \u00een lumina ochilor dvs <strong>imaginea Rom\u00e2niei<\/strong> :<br \/>&#8211; album Rom\u00e2nia<br \/>&#8211; album Rom\u00e2nia o poveste<br \/>&#8211; album Rom\u00e2nia simfonia culorilor<br \/>&#8211; album Discover Rom\u00e2nia<br \/>&#8211; album Rom\u00e2nia dincolo de ora\u015f<br \/>&#8211; album Rom\u00e2nia ( format mic)<br \/>dar \u015fi <strong>ora\u015fele reprezentative<\/strong> :<br \/>&#8211; album Bucure\u015fti<br \/>&#8211; album Bra\u015fov<br \/>&#8211; album Sibiu<br \/>&#8211; album Sighi\u015foara<br \/>&#8211; album Alba Iulia<br \/>&#8211; album Bran<br \/>&#8211; album Sinaia<\/p>\n<p>\n<\/div><div class=\"kc-elm kc-css-815732\" style=\"height: 20px; clear: both; width:100%;\"><\/div><div class=\"kc-elm kc-css-893586 kc_text_block\"><\/p>\n<p>\nNatura \u015fi istoria \u00ee\u015fi g\u0103sesc simbioz\u0103 perfect\u0103 \u00een albumul Mun\u0163ii Bucegi- \u00eentre Koganion \u015fi Sheherezada<br \/>V\u0103 prezent\u0103m albume dedicate Palatelor , Castelelor , Muzeelor reprezentative:<br \/>&#8211; album Palatul Parlamentului ( Casa Poporului)<br \/>&#8211; album Castel Bran<br \/>&#8211; album Castel Peles- Sinaia<br \/>&#8211; album Muzeul Satului<br \/>&#8211; album Muzeul Antipa<br \/>&#8211; album Muzeul Hasdeu- C\u00e2mpina<br \/>&#8211; album Tezaur- Muzeul de Istorie al Rom\u00e2niei<br \/>Icercam s\u0103 v\u0103 prezent\u0103m Rom\u00e2nia \u015fi prin suvenirurile noastre :<br \/>&#8211; c\u0103r\u0163i de jpoccu imagini turistice<br \/>&#8211; supor\u0163i de pahare cu imagini turistice<br \/>&#8211; vederi \u015fi semne de carte<br \/>Ca s\u0103 v\u0103 descurca\u0163i prin albumele nostre \u015fi s\u0103 reu\u015fi\u0163i s\u0103 c\u0103l\u0103tori\u0163i am creat \u015fi :<br \/>&#8211; harta turistic\u0103 Rom\u00e2nia<br \/>&#8211; harta turistic\u0103 Bucure\u015fti<br \/>Ca s\u0103 marc\u0103m la dou\u0103 capete de istorie acest neam am creat :<br \/>&#8211; grup statuar ( por\u0163elan negru) reprezent\u00e2nd G\u00e2nditorul de la Hamangia<br \/>&#8211; statui reprezent\u00e2nd Regele Ferdinand \u015fi Regina Maria cei care au celebrat Rom\u00e2nia Mare<\/p>\n<p>\n<\/div><div class=\"kc-elm kc-css-629\" style=\"height: 20px; clear: both; width:100%;\"><\/div><div class=\"kc-elm kc-css-236388 kc_text_block\"><\/p>\n<p>\nNoi credem c\u0103 obsesia pentru frumos \u015fi spiritul nostru na\u0163ional v\u0103 convinge publicul s\u0103 achzitioneze o f\u0103r\u00e2m\u0103 de Rom\u00e2nia.<\/p>\n<p>Echipa AGE-ART<\/p>\n<p>\n<\/div><\/div><\/div><\/div><\/div><\/section>\n","protected":false},"excerpt":{"rendered":"Despre Noi Editura AGE-ART a fost \u00eenfiin\u0163at\u0103 \u00een anul 2007.Astfel doi prieteni , arti\u015fti \u015fi poe\u0163i \u00een acela\u015fi timp , George Avanu \u015fi Adrian Tudorache \u015fi-au transformat un microb ,&hellip;","protected":false},"author":1,"featured_media":0,"parent":0,"menu_order":0,"comment_status":"closed","ping_status":"closed","template":"page-king.php","meta":{"footnotes":""},"class_list":["post-3027","page","type-page","status-publish","hentry","no-thumb"],"_links":{"self":[{"href":"https:\/\/ageart.ro\/staging\/wp-json\/wp\/v2\/pages\/3027","targetHints":{"allow":["GET"]}}],"collection":[{"href":"https:\/\/ageart.ro\/staging\/wp-json\/wp\/v2\/pages"}],"about":[{"href":"https:\/\/ageart.ro\/staging\/wp-json\/wp\/v2\/types\/page"}],"author":[{"embeddable":true,"href":"https:\/\/ageart.ro\/staging\/wp-json\/wp\/v2\/users\/1"}],"replies":[{"embeddable":true,"href":"https:\/\/ageart.ro\/staging\/wp-json\/wp\/v2\/comments?post=3027"}],"version-history":[{"count":10,"href":"https:\/\/ageart.ro\/staging\/wp-json\/wp\/v2\/pages\/3027\/revisions"}],"predecessor-version":[{"id":4092,"href":"https:\/\/ageart.ro\/staging\/wp-json\/wp\/v2\/pages\/3027\/revisions\/4092"}],"wp:attachment":[{"href":"https:\/\/ageart.ro\/staging\/wp-json\/wp\/v2\/media?parent=3027"}],"curies":[{"name":"wp","href":"https:\/\/api.w.org\/{rel}","templated":true}]}}